{"id":73116,"date":"2020-03-26T13:51:02","date_gmt":"2020-03-26T13:51:02","guid":{"rendered":"https:\/\/www.tokic.hr\/tokic-kartica-vjernosti\/"},"modified":"2025-09-29T12:51:13","modified_gmt":"2025-09-29T10:51:13","slug":"tokic-loyalty-card","status":"publish","type":"page","link":"https:\/\/www.tokic.hr\/en\/tokic-loyalty-card\/","title":{"rendered":"Toki\u0107 loyalty card"},"content":{"rendered":"","protected":false},"excerpt":{"rendered":"","protected":false},"author":11,"featured_media":0,"parent":0,"menu_order":0,"comment_status":"closed","ping_status":"closed","template":"page-loyalty.php","meta":{"_acf_changed":false,"inline_featured_image":false,"footnotes":""},"class_list":["post-73116","page","type-page","status-publish","hentry"],"acf":[],"yoast_head":"<!-- This site is optimized with the Yoast SEO plugin v26.6 - https:\/\/yoast.com\/wordpress\/plugins\/seo\/ -->\n<title>Toki\u0107 loyalty card - Toki\u0107<\/title>\n<meta name=\"description\" content=\"Imate li Toki\u0107 karticu vjernosti? \u010clanovi Toki\u0107 programa vjernosti dobivaju karticu s kojom pri svakoj kupovini ostvaruju zna\u010dajne popuste.\" \/>\n<meta name=\"robots\" content=\"index, follow, max-snippet:-1, max-image-preview:large, max-video-preview:-1\" \/>\n<link rel=\"canonical\" href=\"https:\/\/www.tokic.hr\/en\/tokic-loyalty-card\/\" \/>\n<meta property=\"og:locale\" content=\"en_US\" \/>\n<meta property=\"og:type\" content=\"article\" \/>\n<meta property=\"og:title\" content=\"Toki\u0107 loyalty card - Toki\u0107\" \/>\n<meta property=\"og:description\" content=\"Imate li Toki\u0107 karticu vjernosti? \u010clanovi Toki\u0107 programa vjernosti dobivaju karticu s kojom pri svakoj kupovini ostvaruju zna\u010dajne popuste.\" \/>\n<meta property=\"og:url\" content=\"https:\/\/www.tokic.hr\/en\/tokic-loyalty-card\/\" \/>\n<meta property=\"og:site_name\" content=\"tokic.hr\" \/>\n<meta property=\"article:modified_time\" content=\"2025-09-29T10:51:13+00:00\" \/>\n<meta name=\"twitter:card\" content=\"summary_large_image\" \/>\n<script type=\"application\/ld+json\" class=\"yoast-schema-graph\">{\"@context\":\"https:\/\/schema.org\",\"@graph\":[{\"@type\":\"WebPage\",\"@id\":\"https:\/\/www.tokic.hr\/en\/tokic-loyalty-card\/\",\"url\":\"https:\/\/www.tokic.hr\/en\/tokic-loyalty-card\/\",\"name\":\"Toki\u0107 loyalty card - Toki\u0107\",\"isPartOf\":{\"@id\":\"https:\/\/www.tokic.hr\/#website\"},\"datePublished\":\"2020-03-26T13:51:02+00:00\",\"dateModified\":\"2025-09-29T10:51:13+00:00\",\"description\":\"Imate li Toki\u0107 karticu vjernosti? \u010clanovi Toki\u0107 programa vjernosti dobivaju karticu s kojom pri svakoj kupovini ostvaruju zna\u010dajne popuste.\",\"breadcrumb\":{\"@id\":\"https:\/\/www.tokic.hr\/en\/tokic-loyalty-card\/#breadcrumb\"},\"inLanguage\":\"en-US\",\"potentialAction\":[{\"@type\":\"ReadAction\",\"target\":[\"https:\/\/www.tokic.hr\/en\/tokic-loyalty-card\/\"]}]},{\"@type\":\"BreadcrumbList\",\"@id\":\"https:\/\/www.tokic.hr\/en\/tokic-loyalty-card\/#breadcrumb\",\"itemListElement\":[{\"@type\":\"ListItem\",\"position\":1,\"name\":\"Po\u010detna stranica\",\"item\":\"https:\/\/www.tokic.hr\/en\/\"},{\"@type\":\"ListItem\",\"position\":2,\"name\":\"Toki\u0107 loyalty card\"}]},{\"@type\":\"WebSite\",\"@id\":\"https:\/\/www.tokic.hr\/#website\",\"url\":\"https:\/\/www.tokic.hr\/\",\"name\":\"tokic.hr\",\"description\":\"Vode\u0107i trgovac autodijelova i popratne opreme u regiji\",\"potentialAction\":[{\"@type\":\"SearchAction\",\"target\":{\"@type\":\"EntryPoint\",\"urlTemplate\":\"https:\/\/www.tokic.hr\/?s={search_term_string}\"},\"query-input\":{\"@type\":\"PropertyValueSpecification\",\"valueRequired\":true,\"valueName\":\"search_term_string\"}}],\"inLanguage\":\"en-US\"}]}<\/script>\n<!-- \/ Yoast SEO plugin. -->","yoast_head_json":{"title":"Toki\u0107 loyalty card - Toki\u0107","description":"Imate li Toki\u0107 karticu vjernosti? \u010clanovi Toki\u0107 programa vjernosti dobivaju karticu s kojom pri svakoj kupovini ostvaruju zna\u010dajne popuste.","robots":{"index":"index","follow":"follow","max-snippet":"max-snippet:-1","max-image-preview":"max-image-preview:large","max-video-preview":"max-video-preview:-1"},"canonical":"https:\/\/www.tokic.hr\/en\/tokic-loyalty-card\/","og_locale":"en_US","og_type":"article","og_title":"Toki\u0107 loyalty card - Toki\u0107","og_description":"Imate li Toki\u0107 karticu vjernosti? \u010clanovi Toki\u0107 programa vjernosti dobivaju karticu s kojom pri svakoj kupovini ostvaruju zna\u010dajne popuste.","og_url":"https:\/\/www.tokic.hr\/en\/tokic-loyalty-card\/","og_site_name":"tokic.hr","article_modified_time":"2025-09-29T10:51:13+00:00","twitter_card":"summary_large_image","schema":{"@context":"https:\/\/schema.org","@graph":[{"@type":"WebPage","@id":"https:\/\/www.tokic.hr\/en\/tokic-loyalty-card\/","url":"https:\/\/www.tokic.hr\/en\/tokic-loyalty-card\/","name":"Toki\u0107 loyalty card - Toki\u0107","isPartOf":{"@id":"https:\/\/www.tokic.hr\/#website"},"datePublished":"2020-03-26T13:51:02+00:00","dateModified":"2025-09-29T10:51:13+00:00","description":"Imate li Toki\u0107 karticu vjernosti? \u010clanovi Toki\u0107 programa vjernosti dobivaju karticu s kojom pri svakoj kupovini ostvaruju zna\u010dajne popuste.","breadcrumb":{"@id":"https:\/\/www.tokic.hr\/en\/tokic-loyalty-card\/#breadcrumb"},"inLanguage":"en-US","potentialAction":[{"@type":"ReadAction","target":["https:\/\/www.tokic.hr\/en\/tokic-loyalty-card\/"]}]},{"@type":"BreadcrumbList","@id":"https:\/\/www.tokic.hr\/en\/tokic-loyalty-card\/#breadcrumb","itemListElement":[{"@type":"ListItem","position":1,"name":"Po\u010detna stranica","item":"https:\/\/www.tokic.hr\/en\/"},{"@type":"ListItem","position":2,"name":"Toki\u0107 loyalty card"}]},{"@type":"WebSite","@id":"https:\/\/www.tokic.hr\/#website","url":"https:\/\/www.tokic.hr\/","name":"tokic.hr","description":"Vode\u0107i trgovac autodijelova i popratne opreme u regiji","potentialAction":[{"@type":"SearchAction","target":{"@type":"EntryPoint","urlTemplate":"https:\/\/www.tokic.hr\/?s={search_term_string}"},"query-input":{"@type":"PropertyValueSpecification","valueRequired":true,"valueName":"search_term_string"}}],"inLanguage":"en-US"}]}},"_links":{"self":[{"href":"https:\/\/www.tokic.hr\/en\/wp-json\/wp\/v2\/pages\/73116","targetHints":{"allow":["GET"]}}],"collection":[{"href":"https:\/\/www.tokic.hr\/en\/wp-json\/wp\/v2\/pages"}],"about":[{"href":"https:\/\/www.tokic.hr\/en\/wp-json\/wp\/v2\/types\/page"}],"author":[{"embeddable":true,"href":"https:\/\/www.tokic.hr\/en\/wp-json\/wp\/v2\/users\/11"}],"replies":[{"embeddable":true,"href":"https:\/\/www.tokic.hr\/en\/wp-json\/wp\/v2\/comments?post=73116"}],"version-history":[{"count":3,"href":"https:\/\/www.tokic.hr\/en\/wp-json\/wp\/v2\/pages\/73116\/revisions"}],"predecessor-version":[{"id":73119,"href":"https:\/\/www.tokic.hr\/en\/wp-json\/wp\/v2\/pages\/73116\/revisions\/73119"}],"wp:attachment":[{"href":"https:\/\/www.tokic.hr\/en\/wp-json\/wp\/v2\/media?parent=73116"}],"curies":[{"name":"wp","href":"https:\/\/api.w.org\/{rel}","templated":true}]}}